{"id":6420,"date":"2025-12-03T04:32:21","date_gmt":"2025-12-03T04:32:21","guid":{"rendered":"https:\/\/valentartagliafit.com.ar\/?page_id=6420"},"modified":"2026-03-02T17:02:55","modified_gmt":"2026-03-02T20:02:55","slug":"intermedio-perdida-de-grasa","status":"publish","type":"page","link":"https:\/\/valentartagliafit.com.ar\/en\/intermedio-perdida-de-grasa\/","title":{"rendered":"Intermedio P\u00e9rdida de grasa"},"content":{"rendered":"<div data-elementor-type=\"wp-page\" data-elementor-id=\"6420\" class=\"elementor elementor-6420\" data-elementor-post-type=\"page\">\n\t\t\t\t<div class=\"elementor-element elementor-element-90b5b4f elementor-hidden-mobile e-con-full e-flex e-con e-parent\" data-id=\"90b5b4f\" data-element_type=\"container\" data-settings=\"{&quot;background_background&quot;:&quot;slideshow&quot;,&quot;background_slideshow_gallery&quot;:[{&quot;id&quot;:5718,&quot;url&quot;:&quot;https:\\\/\\\/valentartagliafit.com.ar\\\/wp-content\\\/uploads\\\/2025\\\/11\\\/web-servicios-1-1-scaled.jpg&quot;}],&quot;background_slideshow_loop&quot;:&quot;yes&quot;,&quot;background_slideshow_slide_duration&quot;:5000,&quot;background_slideshow_slide_transition&quot;:&quot;fade&quot;,&quot;background_slideshow_transition_duration&quot;:500}\">\n\t\t\t\t<div class=\"elementor-element elementor-element-c7fa26c elementor-widget__width-initial elementor-absolute elementor-invisible elementor-widget elementor-widget-heading\" data-id=\"c7fa26c\" data-element_type=\"widget\" data-settings=\"{&quot;_position&quot;:&quot;absolute&quot;,&quot;_animation&quot;:&quot;fadeInDown&quot;}\" data-widget_type=\"heading.default\">\n\t\t\t\t<div class=\"elementor-widget-container\">\n\t\t\t\t\t<h1 class=\"elementor-heading-title elementor-size-default\">HOW MANY TIMES PER WEEK ARE YOU GOING TO TRAIN?<\/h1>\t\t\t\t<\/div>\n\t\t\t\t<\/div>\n\t\t<div class=\"elementor-element elementor-element-2efbfc9 e-grid e-con-boxed e-con e-child\" data-id=\"2efbfc9\" data-element_type=\"container\" data-settings=\"{&quot;position&quot;:&quot;absolute&quot;}\">\n\t\t\t\t\t<div class=\"e-con-inner\">\n\t\t<div class=\"elementor-element elementor-element-b2a0650 e-con-full e-flex elementor-invisible e-con e-child\" data-id=\"b2a0650\" data-element_type=\"container\" data-settings=\"{&quot;background_background&quot;:&quot;classic&quot;,&quot;animation&quot;:&quot;fadeInDown&quot;}\">\n\t\t\t\t<div class=\"elementor-element elementor-element-c8ec40f elementor-widget elementor-widget-heading\" data-id=\"c8ec40f\" data-element_type=\"widget\" data-widget_type=\"heading.default\">\n\t\t\t\t<div class=\"elementor-widget-container\">\n\t\t\t\t\t<h2 class=\"elementor-heading-title elementor-size-default\"><a href=\"https:\/\/valentartagliafit.com.ar\/en\/product\/rutina-intermedio-perdida-de-grasa-3-veces-por-semana\/\">3 TIMES A WEEK<\/a><\/h2>\t\t\t\t<\/div>\n\t\t\t\t<\/div>\n\t\t\t\t<\/div>\n\t\t<div class=\"elementor-element elementor-element-b2551f6 e-con-full e-flex elementor-invisible e-con e-child\" data-id=\"b2551f6\" data-element_type=\"container\" data-settings=\"{&quot;background_background&quot;:&quot;classic&quot;,&quot;animation&quot;:&quot;fadeInDown&quot;}\">\n\t\t\t\t<div class=\"elementor-element elementor-element-7ce81c3 elementor-widget elementor-widget-heading\" data-id=\"7ce81c3\" data-element_type=\"widget\" data-widget_type=\"heading.default\">\n\t\t\t\t<div class=\"elementor-widget-container\">\n\t\t\t\t\t<h2 class=\"elementor-heading-title elementor-size-default\"><a href=\"https:\/\/valentartagliafit.com.ar\/en\/product\/rutina-intermedio-perdida-de-grasa-5-veces-por-semana\/\">5 TIMES A WEEK<\/a><\/h2>\t\t\t\t<\/div>\n\t\t\t\t<\/div>\n\t\t\t\t<\/div>\n\t\t\t\t\t<\/div>\n\t\t\t\t<\/div>\n\t\t\t\t<\/div>\n\t\t<div class=\"elementor-element elementor-element-d5fc47e elementor-hidden-desktop elementor-hidden-tablet e-flex e-con-boxed e-con e-parent\" data-id=\"d5fc47e\" data-element_type=\"container\" data-settings=\"{&quot;background_background&quot;:&quot;slideshow&quot;,&quot;background_slideshow_gallery&quot;:[{&quot;id&quot;:5860,&quot;url&quot;:&quot;https:\\\/\\\/valentartagliafit.com.ar\\\/wp-content\\\/uploads\\\/2025\\\/11\\\/que-incluye.jpg&quot;}],&quot;background_slideshow_loop&quot;:&quot;yes&quot;,&quot;background_slideshow_slide_duration&quot;:5000,&quot;background_slideshow_slide_transition&quot;:&quot;fade&quot;,&quot;background_slideshow_transition_duration&quot;:500}\">\n\t\t\t\t\t<div class=\"e-con-inner\">\n\t\t\t\t<div class=\"elementor-element elementor-element-6cc2012 elementor-widget__width-initial elementor-absolute elementor-widget-mobile__width-initial elementor-widget elementor-widget-heading\" data-id=\"6cc2012\" data-element_type=\"widget\" data-settings=\"{&quot;_position&quot;:&quot;absolute&quot;,&quot;_animation_mobile&quot;:&quot;slideInDown&quot;}\" data-widget_type=\"heading.default\">\n\t\t\t\t<div class=\"elementor-widget-container\">\n\t\t\t\t\t<h1 class=\"elementor-heading-title elementor-size-default\">HOW MANY TIMES PER WEEK ARE YOU GOING TO TRAIN?<\/h1>\t\t\t\t<\/div>\n\t\t\t\t<\/div>\n\t\t\t\t<div class=\"elementor-element elementor-element-d32213d elementor-absolute elementor-widget elementor-widget-heading\" data-id=\"d32213d\" data-element_type=\"widget\" data-settings=\"{&quot;_position&quot;:&quot;absolute&quot;,&quot;_animation_mobile&quot;:&quot;bounceInUp&quot;}\" data-widget_type=\"heading.default\">\n\t\t\t\t<div class=\"elementor-widget-container\">\n\t\t\t\t\t<h2 class=\"elementor-heading-title elementor-size-default\"><a href=\"https:\/\/valentartagliafit.com.ar\/en\/product\/rutina-intermedio-perdida-de-grasa-3-veces-por-semana\/\">3 TIMES A WEEK<\/a><\/h2>\t\t\t\t<\/div>\n\t\t\t\t<\/div>\n\t\t\t\t<div class=\"elementor-element elementor-element-d20388e elementor-absolute elementor-widget elementor-widget-heading\" data-id=\"d20388e\" data-element_type=\"widget\" data-settings=\"{&quot;_position&quot;:&quot;absolute&quot;,&quot;_animation_mobile&quot;:&quot;bounceInUp&quot;}\" data-widget_type=\"heading.default\">\n\t\t\t\t<div class=\"elementor-widget-container\">\n\t\t\t\t\t<h2 class=\"elementor-heading-title elementor-size-default\"><a href=\"https:\/\/valentartagliafit.com.ar\/en\/product\/rutina-intermedio-perdida-de-grasa-5-veces-por-semana\/\">5 TIMES A WEEK<\/a><\/h2>\t\t\t\t<\/div>\n\t\t\t\t<\/div>\n\t\t\t\t\t<\/div>\n\t\t\t\t<\/div>\n\t\t<div class=\"elementor-element elementor-element-954fe68 elementor-hidden-desktop elementor-hidden-tablet elementor-hidden-mobile e-flex e-con-boxed e-con e-parent\" data-id=\"954fe68\" data-element_type=\"container\" data-settings=\"{&quot;background_background&quot;:&quot;slideshow&quot;,&quot;background_slideshow_gallery&quot;:[{&quot;id&quot;:5729,&quot;url&quot;:&quot;https:\\\/\\\/valentartagliafit.com.ar\\\/wp-content\\\/uploads\\\/2025\\\/11\\\/VALEN-TARTAGLIA.jpg&quot;}],&quot;background_slideshow_loop&quot;:&quot;yes&quot;,&quot;background_slideshow_slide_duration&quot;:5000,&quot;background_slideshow_slide_transition&quot;:&quot;fade&quot;,&quot;background_slideshow_transition_duration&quot;:500}\">\n\t\t\t\t\t<div class=\"e-con-inner\">\n\t\t\t\t<div class=\"elementor-element elementor-element-70fac94 elementor-widget__width-initial elementor-absolute elementor-widget-mobile__width-initial elementor-widget elementor-widget-heading\" data-id=\"70fac94\" data-element_type=\"widget\" data-settings=\"{&quot;_position&quot;:&quot;absolute&quot;}\" data-widget_type=\"heading.default\">\n\t\t\t\t<div class=\"elementor-widget-container\">\n\t\t\t\t\t<h1 class=\"elementor-heading-title elementor-size-default\">ENTRENAMIENTOS PERSONALIZADOS<\/h1>\t\t\t\t<\/div>\n\t\t\t\t<\/div>\n\t\t\t\t<div class=\"elementor-element elementor-element-74ab812 elementor-widget__width-initial elementor-absolute elementor-widget-mobile__width-initial elementor-widget elementor-widget-heading\" data-id=\"74ab812\" data-element_type=\"widget\" data-settings=\"{&quot;_position&quot;:&quot;absolute&quot;}\" data-widget_type=\"heading.default\">\n\t\t\t\t<div class=\"elementor-widget-container\">\n\t\t\t\t\t<h1 class=\"elementor-heading-title elementor-size-default\">online y presencial<\/h1>\t\t\t\t<\/div>\n\t\t\t\t<\/div>\n\t\t\t\t<div class=\"elementor-element elementor-element-c536c78 elementor-absolute elementor-widget elementor-widget-heading\" data-id=\"c536c78\" data-element_type=\"widget\" data-settings=\"{&quot;_position&quot;:&quot;absolute&quot;}\" data-widget_type=\"heading.default\">\n\t\t\t\t<div class=\"elementor-widget-container\">\n\t\t\t\t\t<h2 class=\"elementor-heading-title elementor-size-default\">BEGINNER<\/h2>\t\t\t\t<\/div>\n\t\t\t\t<\/div>\n\t\t\t\t<div class=\"elementor-element elementor-element-f9ed009 elementor-absolute elementor-widget elementor-widget-heading\" data-id=\"f9ed009\" data-element_type=\"widget\" data-settings=\"{&quot;_position&quot;:&quot;absolute&quot;}\" data-widget_type=\"heading.default\">\n\t\t\t\t<div class=\"elementor-widget-container\">\n\t\t\t\t\t<h2 class=\"elementor-heading-title elementor-size-default\">BEGINNER<\/h2>\t\t\t\t<\/div>\n\t\t\t\t<\/div>\n\t\t\t\t<div class=\"elementor-element elementor-element-2dc7ba2 elementor-widget-mobile__width-initial elementor-absolute elementor-widget elementor-widget-text-editor\" data-id=\"2dc7ba2\" data-element_type=\"widget\" data-settings=\"{&quot;_position&quot;:&quot;absolute&quot;}\" data-widget_type=\"text-editor.default\">\n\t\t\t\t<div class=\"elementor-widget-container\">\n\t\t\t\t\t\t\t\t\t<h2><a href=\"https:\/\/valentartagliafit.com.ar\/en\/product-category\/intermedios\/\">Intermedios<\/a><\/h2><p>Este plan est\u00e1 orientado para personas que ya tienen tiempo entrenando y quieren pasar al siguiente nivel, con un entrenamiento y\/o alimentaci\u00f3n m\u00e1s exigidos.<\/p>\t\t\t\t\t\t\t\t<\/div>\n\t\t\t\t<\/div>\n\t\t\t\t<div class=\"elementor-element elementor-element-6e69b17 elementor-widget-mobile__width-initial elementor-absolute elementor-widget elementor-widget-text-editor\" data-id=\"6e69b17\" data-element_type=\"widget\" data-settings=\"{&quot;_position&quot;:&quot;absolute&quot;}\" data-widget_type=\"text-editor.default\">\n\t\t\t\t<div class=\"elementor-widget-container\">\n\t\t\t\t\t\t\t\t\t<h2><a href=\"https:\/\/valentartagliafit.com.ar\/en\/product-category\/avanzados\/\">Avanzados<\/a><\/h2><p>Este plan est\u00e1 orientado para personas que ya entrenan con excelente t\u00e9cnica e intensidad y quieren superarse a niveles a\u00fan m\u00e1s altos, utilizando m\u00e9todos de intensidad avanzados.<\/p>\t\t\t\t\t\t\t\t<\/div>\n\t\t\t\t<\/div>\n\t\t\t\t\t<\/div>\n\t\t\t\t<\/div>\n\t\t\t\t<\/div>","protected":false},"excerpt":{"rendered":"<p>\u00bfCU\u00c1NTAS VECES POR SEMANA VAS A ENTRENAR? 3 VECES POR SEMANA 5 VECES POR SEMANA \u00bfCU\u00c1NTAS VECES POR SEMANA VAS A ENTRENAR? 3 VECES POR SEMANA 5 VECES POR SEMANA ENTRENAMIENTOS PERSONALIZADOS online y presencial Principiante Principiante Intermedios Este plan est\u00e1 orientado para personas que ya tienen tiempo entrenando y quieren pasar al siguiente nivel, [&hellip;]<\/p>","protected":false},"author":2,"featured_media":0,"parent":0,"menu_order":0,"comment_status":"closed","ping_status":"closed","template":"","meta":{"site-sidebar-layout":"no-sidebar","site-content-layout":"plain-container","ast-site-content-layout":"full-width-container","site-content-style":"unboxed","site-sidebar-style":"unboxed","ast-global-header-display":"","ast-banner-title-visibility":"","ast-main-header-display":"","ast-hfb-above-header-display":"","ast-hfb-below-header-display":"","ast-hfb-mobile-header-display":"","site-post-title":"disabled","ast-breadcrumbs-content":"","ast-featured-img":"disabled","footer-sml-layout":"","ast-disable-related-posts":"","theme-transparent-header-meta":"default","adv-header-id-meta":"","stick-header-meta":"","header-above-stick-meta":"","header-main-stick-meta":"","header-below-stick-meta":"","astra-migrate-meta-layouts":"set","ast-page-background-enabled":"default","ast-page-background-meta":{"desktop":{"background-color":"","background-image":"","background-repeat":"repeat","background-position":"center center","background-size":"auto","background-attachment":"scroll","background-type":"","background-media":"","overlay-type":"","overlay-color":"","overlay-opacity":"","overlay-gradient":""},"tablet":{"background-color":"","background-image":"","background-repeat":"repeat","background-position":"center center","background-size":"auto","background-attachment":"scroll","background-type":"","background-media":"","overlay-type":"","overlay-color":"","overlay-opacity":"","overlay-gradient":""},"mobile":{"background-color":"","background-image":"","background-repeat":"repeat","background-position":"center center","background-size":"auto","background-attachment":"scroll","background-type":"","background-media":"","overlay-type":"","overlay-color":"","overlay-opacity":"","overlay-gradient":""}},"ast-content-background-meta":{"desktop":{"background-color":"var(--ast-global-color-5)","background-image":"","background-repeat":"repeat","background-position":"center center","background-size":"auto","background-attachment":"scroll","background-type":"","background-media":"","overlay-type":"","overlay-color":"","overlay-opacity":"","overlay-gradient":""},"tablet":{"background-color":"var(--ast-global-color-5)","background-image":"","background-repeat":"repeat","background-position":"center center","background-size":"auto","background-attachment":"scroll","background-type":"","background-media":"","overlay-type":"","overlay-color":"","overlay-opacity":"","overlay-gradient":""},"mobile":{"background-color":"var(--ast-global-color-5)","background-image":"","background-repeat":"repeat","background-position":"center center","background-size":"auto","background-attachment":"scroll","background-type":"","background-media":"","overlay-type":"","overlay-color":"","overlay-opacity":"","overlay-gradient":""}},"footnotes":""},"class_list":["post-6420","page","type-page","status-publish","hentry"],"yoast_head":"<!-- This site is optimized with the Yoast SEO plugin v26.9 - https:\/\/yoast.com\/product\/yoast-seo-wordpress\/ -->\n<title>Intermedio P\u00e9rdida de grasa - valentartagliafit.com.ar<\/title>\n<meta name=\"robots\" content=\"index, follow, max-snippet:-1, max-image-preview:large, max-video-preview:-1\" \/>\n<link rel=\"canonical\" href=\"https:\/\/valentartagliafit.com.ar\/en\/intermedio-perdida-de-grasa\/\" \/>\n<meta property=\"og:locale\" content=\"en_US\" \/>\n<meta property=\"og:type\" content=\"article\" \/>\n<meta property=\"og:title\" content=\"Intermedio P\u00e9rdida de grasa - valentartagliafit.com.ar\" \/>\n<meta property=\"og:description\" content=\"\u00bfCU\u00c1NTAS VECES POR SEMANA VAS A ENTRENAR? 3 VECES POR SEMANA 5 VECES POR SEMANA \u00bfCU\u00c1NTAS VECES POR SEMANA VAS A ENTRENAR? 3 VECES POR SEMANA 5 VECES POR SEMANA ENTRENAMIENTOS PERSONALIZADOS online y presencial Principiante Principiante Intermedios Este plan est\u00e1 orientado para personas que ya tienen tiempo entrenando y quieren pasar al siguiente nivel, [&hellip;]\" \/>\n<meta property=\"og:url\" content=\"https:\/\/valentartagliafit.com.ar\/en\/intermedio-perdida-de-grasa\/\" \/>\n<meta property=\"og:site_name\" content=\"valentartagliafit.com.ar\" \/>\n<meta property=\"article:modified_time\" content=\"2026-03-02T20:02:55+00:00\" \/>\n<meta name=\"twitter:card\" content=\"summary_large_image\" \/>\n<meta name=\"twitter:label1\" content=\"Est. reading time\" \/>\n\t<meta name=\"twitter:data1\" content=\"1 minute\" \/>\n<script type=\"application\/ld+json\" class=\"yoast-schema-graph\">{\"@context\":\"https:\/\/schema.org\",\"@graph\":[{\"@type\":\"WebPage\",\"@id\":\"https:\/\/valentartagliafit.com.ar\/intermedio-perdida-de-grasa\/\",\"url\":\"https:\/\/valentartagliafit.com.ar\/intermedio-perdida-de-grasa\/\",\"name\":\"Intermedio P\u00e9rdida de grasa - valentartagliafit.com.ar\",\"isPartOf\":{\"@id\":\"https:\/\/darkorange-quetzal-322051.hostingersite.com\/#website\"},\"datePublished\":\"2025-12-03T04:32:21+00:00\",\"dateModified\":\"2026-03-02T20:02:55+00:00\",\"breadcrumb\":{\"@id\":\"https:\/\/valentartagliafit.com.ar\/intermedio-perdida-de-grasa\/#breadcrumb\"},\"inLanguage\":\"en-US\",\"potentialAction\":[{\"@type\":\"ReadAction\",\"target\":[\"https:\/\/valentartagliafit.com.ar\/intermedio-perdida-de-grasa\/\"]}]},{\"@type\":\"BreadcrumbList\",\"@id\":\"https:\/\/valentartagliafit.com.ar\/intermedio-perdida-de-grasa\/#breadcrumb\",\"itemListElement\":[{\"@type\":\"ListItem\",\"position\":1,\"name\":\"Home\",\"item\":\"https:\/\/valentartagliafit.com.ar\/\"},{\"@type\":\"ListItem\",\"position\":2,\"name\":\"Intermedio P\u00e9rdida de grasa\"}]},{\"@type\":\"WebSite\",\"@id\":\"https:\/\/darkorange-quetzal-322051.hostingersite.com\/#website\",\"url\":\"https:\/\/darkorange-quetzal-322051.hostingersite.com\/\",\"name\":\"valentartagliafit.com.ar\",\"description\":\"\",\"potentialAction\":[{\"@type\":\"SearchAction\",\"target\":{\"@type\":\"EntryPoint\",\"urlTemplate\":\"https:\/\/darkorange-quetzal-322051.hostingersite.com\/?s={search_term_string}\"},\"query-input\":{\"@type\":\"PropertyValueSpecification\",\"valueRequired\":true,\"valueName\":\"search_term_string\"}}],\"inLanguage\":\"en-US\"}]}<\/script>\n<!-- \/ Yoast SEO plugin. -->","yoast_head_json":{"title":"Intermedio P\u00e9rdida de grasa - valentartagliafit.com.ar","robots":{"index":"index","follow":"follow","max-snippet":"max-snippet:-1","max-image-preview":"max-image-preview:large","max-video-preview":"max-video-preview:-1"},"canonical":"https:\/\/valentartagliafit.com.ar\/en\/intermedio-perdida-de-grasa\/","og_locale":"en_US","og_type":"article","og_title":"Intermedio P\u00e9rdida de grasa - valentartagliafit.com.ar","og_description":"\u00bfCU\u00c1NTAS VECES POR SEMANA VAS A ENTRENAR? 3 VECES POR SEMANA 5 VECES POR SEMANA \u00bfCU\u00c1NTAS VECES POR SEMANA VAS A ENTRENAR? 3 VECES POR SEMANA 5 VECES POR SEMANA ENTRENAMIENTOS PERSONALIZADOS online y presencial Principiante Principiante Intermedios Este plan est\u00e1 orientado para personas que ya tienen tiempo entrenando y quieren pasar al siguiente nivel, [&hellip;]","og_url":"https:\/\/valentartagliafit.com.ar\/en\/intermedio-perdida-de-grasa\/","og_site_name":"valentartagliafit.com.ar","article_modified_time":"2026-03-02T20:02:55+00:00","twitter_card":"summary_large_image","twitter_misc":{"Est. reading time":"1 minute"},"schema":{"@context":"https:\/\/schema.org","@graph":[{"@type":"WebPage","@id":"https:\/\/valentartagliafit.com.ar\/intermedio-perdida-de-grasa\/","url":"https:\/\/valentartagliafit.com.ar\/intermedio-perdida-de-grasa\/","name":"Intermedio P\u00e9rdida de grasa - valentartagliafit.com.ar","isPartOf":{"@id":"https:\/\/darkorange-quetzal-322051.hostingersite.com\/#website"},"datePublished":"2025-12-03T04:32:21+00:00","dateModified":"2026-03-02T20:02:55+00:00","breadcrumb":{"@id":"https:\/\/valentartagliafit.com.ar\/intermedio-perdida-de-grasa\/#breadcrumb"},"inLanguage":"en-US","potentialAction":[{"@type":"ReadAction","target":["https:\/\/valentartagliafit.com.ar\/intermedio-perdida-de-grasa\/"]}]},{"@type":"BreadcrumbList","@id":"https:\/\/valentartagliafit.com.ar\/intermedio-perdida-de-grasa\/#breadcrumb","itemListElement":[{"@type":"ListItem","position":1,"name":"Home","item":"https:\/\/valentartagliafit.com.ar\/"},{"@type":"ListItem","position":2,"name":"Intermedio P\u00e9rdida de grasa"}]},{"@type":"WebSite","@id":"https:\/\/darkorange-quetzal-322051.hostingersite.com\/#website","url":"https:\/\/darkorange-quetzal-322051.hostingersite.com\/","name":"valentartagliafit.com.ar","description":"","potentialAction":[{"@type":"SearchAction","target":{"@type":"EntryPoint","urlTemplate":"https:\/\/darkorange-quetzal-322051.hostingersite.com\/?s={search_term_string}"},"query-input":{"@type":"PropertyValueSpecification","valueRequired":true,"valueName":"search_term_string"}}],"inLanguage":"en-US"}]}},"_hostinger_reach_plugin_has_subscription_block":false,"_hostinger_reach_plugin_is_elementor":false,"_links":{"self":[{"href":"https:\/\/valentartagliafit.com.ar\/en\/wp-json\/wp\/v2\/pages\/6420","targetHints":{"allow":["GET"]}}],"collection":[{"href":"https:\/\/valentartagliafit.com.ar\/en\/wp-json\/wp\/v2\/pages"}],"about":[{"href":"https:\/\/valentartagliafit.com.ar\/en\/wp-json\/wp\/v2\/types\/page"}],"author":[{"embeddable":true,"href":"https:\/\/valentartagliafit.com.ar\/en\/wp-json\/wp\/v2\/users\/2"}],"replies":[{"embeddable":true,"href":"https:\/\/valentartagliafit.com.ar\/en\/wp-json\/wp\/v2\/comments?post=6420"}],"version-history":[{"count":16,"href":"https:\/\/valentartagliafit.com.ar\/en\/wp-json\/wp\/v2\/pages\/6420\/revisions"}],"predecessor-version":[{"id":6835,"href":"https:\/\/valentartagliafit.com.ar\/en\/wp-json\/wp\/v2\/pages\/6420\/revisions\/6835"}],"wp:attachment":[{"href":"https:\/\/valentartagliafit.com.ar\/en\/wp-json\/wp\/v2\/media?parent=6420"}],"curies":[{"name":"wp","href":"https:\/\/api.w.org\/{rel}","templated":true}]}}