{"id":6567,"date":"2026-02-03T17:23:19","date_gmt":"2026-02-03T20:23:19","guid":{"rendered":"https:\/\/valentartagliafit.com.ar\/?post_type=product&#038;p=6567"},"modified":"2026-02-15T00:05:29","modified_gmt":"2026-02-15T03:05:29","slug":"rutina-avanzados-tonificacion-y-resistencia-5-veces-por-semana","status":"publish","type":"product","link":"https:\/\/valentartagliafit.com.ar\/en\/product\/rutina-avanzados-tonificacion-y-resistencia-5-veces-por-semana\/","title":{"rendered":"RUTINA AVANZADOS TONIFICACI\u00d3N Y RESISTENCIA 5 VECES POR SEMANA"},"content":{"rendered":"<p><span style=\"font-weight: 400;\">Potenci\u00e1 tu cuerpo al m\u00e1ximo con esta rutina avanzada dise\u00f1ada para quienes ya tienen experiencia y buscan un entrenamiento desafiante, funcional y eficiente. Este plan combina fuerza, resistencia muscular y t\u00e9cnicas de alta intensidad para lograr un cuerpo firme, resistente y atl\u00e9tico.<\/span><span style=\"font-weight: 400;\"><br \/>\n<\/span><span style=\"font-weight: 400;\"> Incluye progresiones inteligentes, tiempos de descanso estrat\u00e9gicos y ejercicios multiarticulares que aseguran un est\u00edmulo completo en cada sesi\u00f3n.<\/span><\/p>\n<p><b>Ideal para:<\/b><span style=\"font-weight: 400;\"> personas con base s\u00f3lida de entrenamiento que desean mejorar su tono muscular, rendimiento y capacidad f\u00edsica general.<\/span><\/p>","protected":false},"excerpt":{"rendered":"<p>Potenci\u00e1 tu cuerpo al m\u00e1ximo con esta rutina avanzada dise\u00f1ada para quienes ya tienen experiencia y buscan un entrenamiento desafiante, funcional y eficiente. Este plan combina fuerza, resistencia muscular y t\u00e9cnicas de alta intensidad para lograr un cuerpo firme, resistente y atl\u00e9tico. Incluye progresiones inteligentes, tiempos de descanso estrat\u00e9gicos y ejercicios multiarticulares que aseguran un [&hellip;]<\/p>","protected":false},"featured_media":6703,"comment_status":"open","ping_status":"closed","template":"","meta":{"site-sidebar-layout":"default","site-content-layout":"","ast-site-content-layout":"default","site-content-style":"default","site-sidebar-style":"default","ast-global-header-display":"","ast-banner-title-visibility":"","ast-main-header-display":"","ast-hfb-above-header-display":"","ast-hfb-below-header-display":"","ast-hfb-mobile-header-display":"","site-post-title":"","ast-breadcrumbs-content":"","ast-featured-img":"","footer-sml-layout":"","ast-disable-related-posts":"","theme-transparent-header-meta":"default","adv-header-id-meta":"","stick-header-meta":"","header-above-stick-meta":"","header-main-stick-meta":"","header-below-stick-meta":"","astra-migrate-meta-layouts":"set","ast-page-background-enabled":"default","ast-page-background-meta":{"desktop":{"background-color":"","background-image":"","background-repeat":"repeat","background-position":"center center","background-size":"auto","background-attachment":"scroll","background-type":"","background-media":"","overlay-type":"","overlay-color":"","overlay-opacity":"","overlay-gradient":""},"tablet":{"background-color":"","background-image":"","background-repeat":"repeat","background-position":"center center","background-size":"auto","background-attachment":"scroll","background-type":"","background-media":"","overlay-type":"","overlay-color":"","overlay-opacity":"","overlay-gradient":""},"mobile":{"background-color":"","background-image":"","background-repeat":"repeat","background-position":"center center","background-size":"auto","background-attachment":"scroll","background-type":"","background-media":"","overlay-type":"","overlay-color":"","overlay-opacity":"","overlay-gradient":""}},"ast-content-background-meta":{"desktop":{"background-color":"var(--ast-global-color-5)","background-image":"","background-repeat":"repeat","background-position":"center center","background-size":"auto","background-attachment":"scroll","background-type":"","background-media":"","overlay-type":"","overlay-color":"","overlay-opacity":"","overlay-gradient":""},"tablet":{"background-color":"var(--ast-global-color-5)","background-image":"","background-repeat":"repeat","background-position":"center center","background-size":"auto","background-attachment":"scroll","background-type":"","background-media":"","overlay-type":"","overlay-color":"","overlay-opacity":"","overlay-gradient":""},"mobile":{"background-color":"var(--ast-global-color-5)","background-image":"","background-repeat":"repeat","background-position":"center center","background-size":"auto","background-attachment":"scroll","background-type":"","background-media":"","overlay-type":"","overlay-color":"","overlay-opacity":"","overlay-gradient":""}}},"product_brand":[],"product_cat":[34],"product_tag":[33],"class_list":{"0":"post-6567","1":"product","2":"type-product","3":"status-publish","4":"has-post-thumbnail","6":"product_cat-tonificacion-y-resistencia","7":"product_tag-tonificacion-y-resistencia","8":"desktop-align-center","9":"tablet-align-center","10":"mobile-align-center","12":"first","13":"instock","14":"downloadable","15":"virtual","16":"purchasable","17":"product-type-simple"},"yoast_head":"<!-- This site is optimized with the Yoast SEO plugin v26.9 - https:\/\/yoast.com\/product\/yoast-seo-wordpress\/ -->\n<title>RUTINA AVANZADOS TONIFICACI\u00d3N Y RESISTENCIA 5 VECES POR SEMANA - valentartagliafit.com.ar<\/title>\n<meta name=\"robots\" content=\"index, follow, max-snippet:-1, max-image-preview:large, max-video-preview:-1\" \/>\n<link rel=\"canonical\" href=\"https:\/\/valentartagliafit.com.ar\/en\/product\/rutina-avanzados-tonificacion-y-resistencia-5-veces-por-semana\/\" \/>\n<meta property=\"og:locale\" content=\"en_US\" \/>\n<meta property=\"og:type\" content=\"article\" \/>\n<meta property=\"og:title\" content=\"RUTINA AVANZADOS TONIFICACI\u00d3N Y RESISTENCIA 5 VECES POR SEMANA - valentartagliafit.com.ar\" \/>\n<meta property=\"og:description\" content=\"Potenci\u00e1 tu cuerpo al m\u00e1ximo con esta rutina avanzada dise\u00f1ada para quienes ya tienen experiencia y buscan un entrenamiento desafiante, funcional y eficiente. Este plan combina fuerza, resistencia muscular y t\u00e9cnicas de alta intensidad para lograr un cuerpo firme, resistente y atl\u00e9tico. Incluye progresiones inteligentes, tiempos de descanso estrat\u00e9gicos y ejercicios multiarticulares que aseguran un [&hellip;]\" \/>\n<meta property=\"og:url\" content=\"https:\/\/valentartagliafit.com.ar\/en\/product\/rutina-avanzados-tonificacion-y-resistencia-5-veces-por-semana\/\" \/>\n<meta property=\"og:site_name\" content=\"valentartagliafit.com.ar\" \/>\n<meta property=\"article:modified_time\" content=\"2026-02-15T03:05:29+00:00\" \/>\n<meta property=\"og:image\" content=\"https:\/\/valentartagliafit.com.ar\/wp-content\/uploads\/2026\/02\/Copia-de-Copia-de-Rutina-avanzados-45-1.png\" \/>\n\t<meta property=\"og:image:width\" content=\"1080\" \/>\n\t<meta property=\"og:image:height\" content=\"1350\" \/>\n\t<meta property=\"og:image:type\" content=\"image\/png\" \/>\n<meta name=\"twitter:card\" content=\"summary_large_image\" \/>\n<meta name=\"twitter:label1\" content=\"Est. reading time\" \/>\n\t<meta name=\"twitter:data1\" content=\"1 minute\" \/>\n<script type=\"application\/ld+json\" class=\"yoast-schema-graph\">{\"@context\":\"https:\/\/schema.org\",\"@graph\":[{\"@type\":\"WebPage\",\"@id\":\"https:\/\/valentartagliafit.com.ar\/product\/rutina-avanzados-tonificacion-y-resistencia-5-veces-por-semana\/\",\"url\":\"https:\/\/valentartagliafit.com.ar\/product\/rutina-avanzados-tonificacion-y-resistencia-5-veces-por-semana\/\",\"name\":\"RUTINA AVANZADOS TONIFICACI\u00d3N Y RESISTENCIA 5 VECES POR SEMANA - valentartagliafit.com.ar\",\"isPartOf\":{\"@id\":\"https:\/\/darkorange-quetzal-322051.hostingersite.com\/#website\"},\"primaryImageOfPage\":{\"@id\":\"https:\/\/valentartagliafit.com.ar\/product\/rutina-avanzados-tonificacion-y-resistencia-5-veces-por-semana\/#primaryimage\"},\"image\":{\"@id\":\"https:\/\/valentartagliafit.com.ar\/product\/rutina-avanzados-tonificacion-y-resistencia-5-veces-por-semana\/#primaryimage\"},\"thumbnailUrl\":\"https:\/\/valentartagliafit.com.ar\/wp-content\/uploads\/2026\/02\/Copia-de-Copia-de-Rutina-avanzados-45-1.png\",\"datePublished\":\"2026-02-03T20:23:19+00:00\",\"dateModified\":\"2026-02-15T03:05:29+00:00\",\"breadcrumb\":{\"@id\":\"https:\/\/valentartagliafit.com.ar\/product\/rutina-avanzados-tonificacion-y-resistencia-5-veces-por-semana\/#breadcrumb\"},\"inLanguage\":\"en-US\",\"potentialAction\":[{\"@type\":\"ReadAction\",\"target\":[\"https:\/\/valentartagliafit.com.ar\/product\/rutina-avanzados-tonificacion-y-resistencia-5-veces-por-semana\/\"]}]},{\"@type\":\"ImageObject\",\"inLanguage\":\"en-US\",\"@id\":\"https:\/\/valentartagliafit.com.ar\/product\/rutina-avanzados-tonificacion-y-resistencia-5-veces-por-semana\/#primaryimage\",\"url\":\"https:\/\/valentartagliafit.com.ar\/wp-content\/uploads\/2026\/02\/Copia-de-Copia-de-Rutina-avanzados-45-1.png\",\"contentUrl\":\"https:\/\/valentartagliafit.com.ar\/wp-content\/uploads\/2026\/02\/Copia-de-Copia-de-Rutina-avanzados-45-1.png\",\"width\":1080,\"height\":1350},{\"@type\":\"BreadcrumbList\",\"@id\":\"https:\/\/valentartagliafit.com.ar\/product\/rutina-avanzados-tonificacion-y-resistencia-5-veces-por-semana\/#breadcrumb\",\"itemListElement\":[{\"@type\":\"ListItem\",\"position\":1,\"name\":\"Home\",\"item\":\"https:\/\/valentartagliafit.com.ar\/\"},{\"@type\":\"ListItem\",\"position\":2,\"name\":\"Rutinas\",\"item\":\"https:\/\/valentartagliafit.com.ar\/rutinas\/\"},{\"@type\":\"ListItem\",\"position\":3,\"name\":\"RUTINA AVANZADOS TONIFICACI\u00d3N Y RESISTENCIA 5 VECES POR SEMANA\"}]},{\"@type\":\"WebSite\",\"@id\":\"https:\/\/darkorange-quetzal-322051.hostingersite.com\/#website\",\"url\":\"https:\/\/darkorange-quetzal-322051.hostingersite.com\/\",\"name\":\"valentartagliafit.com.ar\",\"description\":\"\",\"potentialAction\":[{\"@type\":\"SearchAction\",\"target\":{\"@type\":\"EntryPoint\",\"urlTemplate\":\"https:\/\/darkorange-quetzal-322051.hostingersite.com\/?s={search_term_string}\"},\"query-input\":{\"@type\":\"PropertyValueSpecification\",\"valueRequired\":true,\"valueName\":\"search_term_string\"}}],\"inLanguage\":\"en-US\"}]}<\/script>\n<!-- \/ Yoast SEO plugin. -->","yoast_head_json":{"title":"RUTINA AVANZADOS TONIFICACI\u00d3N Y RESISTENCIA 5 VECES POR SEMANA - valentartagliafit.com.ar","robots":{"index":"index","follow":"follow","max-snippet":"max-snippet:-1","max-image-preview":"max-image-preview:large","max-video-preview":"max-video-preview:-1"},"canonical":"https:\/\/valentartagliafit.com.ar\/en\/product\/rutina-avanzados-tonificacion-y-resistencia-5-veces-por-semana\/","og_locale":"en_US","og_type":"article","og_title":"RUTINA AVANZADOS TONIFICACI\u00d3N Y RESISTENCIA 5 VECES POR SEMANA - valentartagliafit.com.ar","og_description":"Potenci\u00e1 tu cuerpo al m\u00e1ximo con esta rutina avanzada dise\u00f1ada para quienes ya tienen experiencia y buscan un entrenamiento desafiante, funcional y eficiente. Este plan combina fuerza, resistencia muscular y t\u00e9cnicas de alta intensidad para lograr un cuerpo firme, resistente y atl\u00e9tico. Incluye progresiones inteligentes, tiempos de descanso estrat\u00e9gicos y ejercicios multiarticulares que aseguran un [&hellip;]","og_url":"https:\/\/valentartagliafit.com.ar\/en\/product\/rutina-avanzados-tonificacion-y-resistencia-5-veces-por-semana\/","og_site_name":"valentartagliafit.com.ar","article_modified_time":"2026-02-15T03:05:29+00:00","og_image":[{"width":1080,"height":1350,"url":"https:\/\/valentartagliafit.com.ar\/wp-content\/uploads\/2026\/02\/Copia-de-Copia-de-Rutina-avanzados-45-1.png","type":"image\/png"}],"twitter_card":"summary_large_image","twitter_misc":{"Est. reading time":"1 minute"},"schema":{"@context":"https:\/\/schema.org","@graph":[{"@type":"WebPage","@id":"https:\/\/valentartagliafit.com.ar\/product\/rutina-avanzados-tonificacion-y-resistencia-5-veces-por-semana\/","url":"https:\/\/valentartagliafit.com.ar\/product\/rutina-avanzados-tonificacion-y-resistencia-5-veces-por-semana\/","name":"RUTINA AVANZADOS TONIFICACI\u00d3N Y RESISTENCIA 5 VECES POR SEMANA - valentartagliafit.com.ar","isPartOf":{"@id":"https:\/\/darkorange-quetzal-322051.hostingersite.com\/#website"},"primaryImageOfPage":{"@id":"https:\/\/valentartagliafit.com.ar\/product\/rutina-avanzados-tonificacion-y-resistencia-5-veces-por-semana\/#primaryimage"},"image":{"@id":"https:\/\/valentartagliafit.com.ar\/product\/rutina-avanzados-tonificacion-y-resistencia-5-veces-por-semana\/#primaryimage"},"thumbnailUrl":"https:\/\/valentartagliafit.com.ar\/wp-content\/uploads\/2026\/02\/Copia-de-Copia-de-Rutina-avanzados-45-1.png","datePublished":"2026-02-03T20:23:19+00:00","dateModified":"2026-02-15T03:05:29+00:00","breadcrumb":{"@id":"https:\/\/valentartagliafit.com.ar\/product\/rutina-avanzados-tonificacion-y-resistencia-5-veces-por-semana\/#breadcrumb"},"inLanguage":"en-US","potentialAction":[{"@type":"ReadAction","target":["https:\/\/valentartagliafit.com.ar\/product\/rutina-avanzados-tonificacion-y-resistencia-5-veces-por-semana\/"]}]},{"@type":"ImageObject","inLanguage":"en-US","@id":"https:\/\/valentartagliafit.com.ar\/product\/rutina-avanzados-tonificacion-y-resistencia-5-veces-por-semana\/#primaryimage","url":"https:\/\/valentartagliafit.com.ar\/wp-content\/uploads\/2026\/02\/Copia-de-Copia-de-Rutina-avanzados-45-1.png","contentUrl":"https:\/\/valentartagliafit.com.ar\/wp-content\/uploads\/2026\/02\/Copia-de-Copia-de-Rutina-avanzados-45-1.png","width":1080,"height":1350},{"@type":"BreadcrumbList","@id":"https:\/\/valentartagliafit.com.ar\/product\/rutina-avanzados-tonificacion-y-resistencia-5-veces-por-semana\/#breadcrumb","itemListElement":[{"@type":"ListItem","position":1,"name":"Home","item":"https:\/\/valentartagliafit.com.ar\/"},{"@type":"ListItem","position":2,"name":"Rutinas","item":"https:\/\/valentartagliafit.com.ar\/rutinas\/"},{"@type":"ListItem","position":3,"name":"RUTINA AVANZADOS TONIFICACI\u00d3N Y RESISTENCIA 5 VECES POR SEMANA"}]},{"@type":"WebSite","@id":"https:\/\/darkorange-quetzal-322051.hostingersite.com\/#website","url":"https:\/\/darkorange-quetzal-322051.hostingersite.com\/","name":"valentartagliafit.com.ar","description":"","potentialAction":[{"@type":"SearchAction","target":{"@type":"EntryPoint","urlTemplate":"https:\/\/darkorange-quetzal-322051.hostingersite.com\/?s={search_term_string}"},"query-input":{"@type":"PropertyValueSpecification","valueRequired":true,"valueName":"search_term_string"}}],"inLanguage":"en-US"}]}},"_links":{"self":[{"href":"https:\/\/valentartagliafit.com.ar\/en\/wp-json\/wp\/v2\/product\/6567","targetHints":{"allow":["GET"]}}],"collection":[{"href":"https:\/\/valentartagliafit.com.ar\/en\/wp-json\/wp\/v2\/product"}],"about":[{"href":"https:\/\/valentartagliafit.com.ar\/en\/wp-json\/wp\/v2\/types\/product"}],"replies":[{"embeddable":true,"href":"https:\/\/valentartagliafit.com.ar\/en\/wp-json\/wp\/v2\/comments?post=6567"}],"wp:featuredmedia":[{"embeddable":true,"href":"https:\/\/valentartagliafit.com.ar\/en\/wp-json\/wp\/v2\/media\/6703"}],"wp:attachment":[{"href":"https:\/\/valentartagliafit.com.ar\/en\/wp-json\/wp\/v2\/media?parent=6567"}],"wp:term":[{"taxonomy":"product_brand","embeddable":true,"href":"https:\/\/valentartagliafit.com.ar\/en\/wp-json\/wp\/v2\/product_brand?post=6567"},{"taxonomy":"product_cat","embeddable":true,"href":"https:\/\/valentartagliafit.com.ar\/en\/wp-json\/wp\/v2\/product_cat?post=6567"},{"taxonomy":"product_tag","embeddable":true,"href":"https:\/\/valentartagliafit.com.ar\/en\/wp-json\/wp\/v2\/product_tag?post=6567"}],"curies":[{"name":"wp","href":"https:\/\/api.w.org\/{rel}","templated":true}]}}